{"id":10,"date":"2022-05-17T07:19:17","date_gmt":"2022-05-17T07:19:17","guid":{"rendered":"https:\/\/poloralphlauren.360group.es\/?page_id=10"},"modified":"2025-07-20T11:00:44","modified_gmt":"2025-07-20T11:00:44","slug":"jardines-exclusivos","status":"publish","type":"page","link":"https:\/\/marbellagreens.com\/es\/","title":{"rendered":"Jardines Exclusivos"},"content":{"rendered":"\n<div class=\"slider-wrapper relative\" id=\"slider-2055888183\" >\n    <div class=\"slider slider-nav-simple slider-nav-normal slider-nav-light slider-style-normal slider-show-nav\"\n        data-flickity-options='{\n            \"cellAlign\": \"center\",\n            \"imagesLoaded\": true,\n            \"lazyLoad\": 1,\n            \"freeScroll\": false,\n            \"wrapAround\": false,\n            \"autoPlay\": 6000,\n            \"pauseAutoPlayOnHover\" : true,\n            \"prevNextButtons\": true,\n            \"contain\" : true,\n            \"adaptiveHeight\" : true,\n            \"dragThreshold\" : 10,\n            \"percentPosition\": true,\n            \"pageDots\": false,\n            \"rightToLeft\": false,\n            \"draggable\": true,\n            \"selectedAttraction\": 0.1,\n            \"parallax\" : 2,\n            \"friction\": 0.6        }'\n        >\n        \n\n\n  <div class=\"banner has-hover is-full-height\" id=\"banner-1353566017\">\n          <div class=\"banner-inner fill\">\n        <div class=\"banner-bg fill\" >\n            <img loading=\"lazy\" decoding=\"async\" width=\"1800\" height=\"1202\" src=\"https:\/\/marbellagreens.com\/wp-content\/uploads\/2023\/12\/fuente-parque-jardin-01.jpg\" class=\"bg attachment-original size-original\" alt=\"\" \/>                        <div class=\"overlay\"><\/div>            \n                    <\/div>\n\t\t\n        <div class=\"banner-layers container\">\n            <div class=\"fill banner-link\"><\/div>            \n\n   <div id=\"text-box-1103252645\" class=\"text-box banner-layer x5 md-x10 lg-x100 y30 md-y75 lg-y75 res-text\">\n                                <div class=\"text-box-content text box-shadow-4 dark\">\n              \n              <div class=\"text-inner text-left\">\n                  \n\n\t<div id=\"text-3389482829\" class=\"text\">\n\t\t\n\n<h1><span style=\"font-size: 75%;\">Dise\u00f1o de Jardines exclusivos<\/span><\/h1>\n<p>Jardines bellos y funcionales: est\u00e9ticamente agradables, pr\u00e1cticos para vivir, integrados con la casa y eficientes en el uso de recursos.<\/p>\n\t\t\n<style>\n#text-3389482829 {\n  font-size: 0.8rem;\n}\n<\/style>\n\t<\/div>\n\t\n<a href=\"\/contact\/\" class=\"button white\"  >\n\t\t<span>CONTACTo<\/span>\n\t<\/a>\n\n\n\n              <\/div>\n           <\/div>\n                            \n<style>\n#text-box-1103252645 .text-box-content {\n  background-color: rgba(4, 4, 4, 0.157);\n  border-radius: 4px;\n  font-size: 125%;\n}\n#text-box-1103252645 .text-inner {\n  padding: 20px 20px 20px 20px;\n}\n#text-box-1103252645 {\n  width: 78%;\n}\n@media (min-width:550px) {\n  #text-box-1103252645 {\n    width: 67%;\n  }\n  #text-box-1103252645 .text-box-content {\n    font-size: 100%;\n  }\n}\n<\/style>\n    <\/div>\n \n\n        <\/div>\n      <\/div>\n\n            \n<style>\n#banner-1353566017 {\n  padding-top: 100%;\n}\n#banner-1353566017 .overlay {\n  background-color: rgba(0, 0, 0, 0.16);\n}\n#banner-1353566017 .banner-bg img {\n  object-position: 51% 100%;\n}\n<\/style>\n  <\/div>\n\n\n\n  <div class=\"banner has-hover is-full-height\" id=\"banner-1631331070\">\n          <div class=\"banner-inner fill\">\n        <div class=\"banner-bg fill\" >\n            <img loading=\"lazy\" decoding=\"async\" width=\"1800\" height=\"786\" src=\"https:\/\/marbellagreens.com\/wp-content\/uploads\/2023\/12\/cesped-bien-cuidado-macizo-flores-parque-al-aire-libre.jpg\" class=\"bg attachment-original size-original\" alt=\"\" \/>                        <div class=\"overlay\"><\/div>            \n                    <\/div>\n\t\t\n        <div class=\"banner-layers container\">\n            <div class=\"fill banner-link\"><\/div>            \n\n   <div id=\"text-box-164687358\" class=\"text-box banner-layer x50 md-x20 lg-x100 y80 md-y85 lg-y80 res-text\">\n                                <div class=\"text-box-content text box-shadow-4 dark\">\n              \n              <div class=\"text-inner text-left\">\n                  \n\n\t<div id=\"text-2669898667\" class=\"text\">\n\t\t\n\n<h1><span style=\"font-size: 75%;\">Servicios Integrales de Jardiner\u00eda<\/span><\/h1>\n<p>Visitas Programadas para Control y Diagn\u00f3stico de Propiedades: Informes Semanales con Detalles, Resoluci\u00f3n de Incidencias y Propuestas de Mejoras.<\/p>\n\t\t\n<style>\n#text-2669898667 {\n  font-size: 0.9rem;\n}\n<\/style>\n\t<\/div>\n\t\n<a href=\"\/contact\/\" class=\"button white\"  >\n\t\t<span>CONTACT<\/span>\n\t<\/a>\n\n\n\n              <\/div>\n           <\/div>\n                            \n<style>\n#text-box-164687358 .text-box-content {\n  background-color: rgba(0, 0, 0, 0.244);\n  border-radius: 4px;\n  font-size: 125%;\n}\n#text-box-164687358 .text-inner {\n  padding: 20px 20px 20px 20px;\n}\n#text-box-164687358 {\n  width: 88%;\n}\n@media (min-width:550px) {\n  #text-box-164687358 {\n    width: 71%;\n  }\n  #text-box-164687358 .text-box-content {\n    font-size: 100%;\n  }\n}\n<\/style>\n    <\/div>\n \n\n        <\/div>\n      <\/div>\n\n            \n<style>\n#banner-1631331070 {\n  padding-top: 100%;\n}\n#banner-1631331070 .overlay {\n  background-color: rgba(0, 0, 0, 0.09);\n}\n#banner-1631331070 .banner-bg img {\n  object-position: 43% 8%;\n}\n<\/style>\n  <\/div>\n\n\n\n  <div class=\"banner has-hover is-full-height\" id=\"banner-1281840079\">\n          <div class=\"banner-inner fill\">\n        <div class=\"banner-bg fill\" >\n            <img loading=\"lazy\" decoding=\"async\" width=\"1367\" height=\"1800\" src=\"https:\/\/marbellagreens.com\/wp-content\/uploads\/2023\/12\/vista-campo-golf.jpg\" class=\"bg attachment-original size-original\" alt=\"\" \/>                                    \n                    <\/div>\n\t\t\n        <div class=\"banner-layers container\">\n            <div class=\"fill banner-link\"><\/div>            \n\n   <div id=\"text-box-277858180\" class=\"text-box banner-layer x95 md-x85 lg-x50 y85 md-y75 lg-y75 res-text\">\n                                <div class=\"text-box-content text box-shadow-4 dark\">\n              \n              <div class=\"text-inner text-left\">\n                  \n\n\t<div id=\"text-3327611799\" class=\"text\">\n\t\t\n\n<h1><span style=\"font-size: 75%;\">Gesti\u00f3n Profesional de Campos de Golf<\/span><\/h1>\n<p>Competencia en Destinos de Golf: C\u00f3mo las Normativas y el Auge de Campos Comerciales Impactan la Calidad y Precios en el Sector.<\/p>\n\t\t\n<style>\n#text-3327611799 {\n  font-size: 0.9rem;\n}\n<\/style>\n\t<\/div>\n\t\n<a href=\"\/contact\" class=\"button white\"  >\n\t\t<span>CONTACT<\/span>\n\t<\/a>\n\n\n\n              <\/div>\n           <\/div>\n                            \n<style>\n#text-box-277858180 .text-box-content {\n  background-color: rgba(0, 0, 0, 0.267);\n  border-radius: 4px;\n  font-size: 125%;\n}\n#text-box-277858180 .text-inner {\n  padding: 20px 20px 20px 20px;\n}\n#text-box-277858180 {\n  width: 87%;\n}\n@media (min-width:550px) {\n  #text-box-277858180 {\n    width: 66%;\n  }\n  #text-box-277858180 .text-box-content {\n    font-size: 100%;\n  }\n}\n@media (min-width:850px) {\n  #text-box-277858180 {\n    width: 78%;\n  }\n}\n<\/style>\n    <\/div>\n \n\n        <\/div>\n      <\/div>\n\n            \n<style>\n#banner-1281840079 {\n  padding-top: 100%;\n}\n#banner-1281840079 .banner-bg img {\n  object-position: 55% 28%;\n}\n<\/style>\n  <\/div>\n\n\n\n  <div class=\"banner has-hover is-full-height\" id=\"banner-387111872\">\n          <div class=\"banner-inner fill\">\n        <div class=\"banner-bg fill\" >\n            <img loading=\"lazy\" decoding=\"async\" width=\"1800\" height=\"1690\" src=\"https:\/\/marbellagreens.com\/wp-content\/uploads\/2023\/12\/marbella-greens-01.png\" class=\"bg attachment-original size-original\" alt=\"\" \/>                                    \n                    <\/div>\n\t\t\n        <div class=\"banner-layers container\">\n            <div class=\"fill banner-link\"><\/div>            \n\n   <div id=\"text-box-967190817\" class=\"text-box banner-layer x50 md-x50 lg-x50 y90 md-y80 lg-y80 res-text\">\n                                <div class=\"text-box-content text box-shadow-4 dark\">\n              \n              <div class=\"text-inner text-left\">\n                  \n\n\t<div id=\"text-3414493376\" class=\"text\">\n\t\t\n\n<h2 class=\"uppercase\"><span style=\"font-size: 75%;\">Dise\u00f1o de Paisajismo y Mantenimiento<\/span><\/h2>\n<p>Expertos en Mantenimiento de Jardines, Campos de Golf y Zonas Verdes. Jardiner\u00eda Andaluza especializada en Costa del Sol: Expertos en mantenimiento de jardines, campos de golf y zonas verdes. Compromiso y calidad en todos nuestros servicios.<\/p>\n\t\t\n<style>\n#text-3414493376 {\n  font-size: 0.9rem;\n}\n<\/style>\n\t<\/div>\n\t\n<a href=\"\/contact\/\" class=\"button white\"  >\n\t\t<span>Contactar<\/span>\n\t<\/a>\n\n\n\n              <\/div>\n           <\/div>\n                            \n<style>\n#text-box-967190817 .text-box-content {\n  background-color: rgba(0, 0, 0, 0.314);\n  border-radius: 4px;\n  font-size: 125%;\n}\n#text-box-967190817 .text-inner {\n  padding: 20px 20px 20px 20px;\n}\n#text-box-967190817 {\n  width: 88%;\n}\n@media (min-width:550px) {\n  #text-box-967190817 {\n    width: 76%;\n  }\n  #text-box-967190817 .text-box-content {\n    font-size: 100%;\n  }\n}\n@media (min-width:850px) {\n  #text-box-967190817 {\n    width: 88%;\n  }\n}\n<\/style>\n    <\/div>\n \n\n        <\/div>\n      <\/div>\n\n            \n<style>\n#banner-387111872 {\n  padding-top: 100%;\n}\n#banner-387111872 .banner-bg img {\n  object-position: 59% 75%;\n}\n<\/style>\n  <\/div>\n\n\n\n     <\/div>\n\n     <div class=\"loading-spin dark large centered\"><\/div>\n\n\t<\/div>\n\n\n\n\t<section class=\"section\" id=\"section_1287760824\">\n\t\t<div class=\"section-bg fill\" >\n\t\t\t\t\t\t\t\t\t\n\t\t\t\n\n\t\t<\/div>\n\n\t\t\n\n\t\t<div class=\"section-content relative\">\n\t\t\t\n\n<div class=\"row row-large row-divided\"  id=\"row-1284006788\">\n\n\n\t<div id=\"col-878737186\" class=\"col medium-3 small-6 large-3\"  >\n\t\t\t\t<div class=\"col-inner\"  >\n\t\t\t\n\t\t\t\n\n\n\t\t<div class=\"icon-box featured-box icon-box-top text-left\"  >\n\t\t\t\t<div class=\"icon-box-text last-reset\">\n\t\t\t\t\t\t\t\t\t\n\n<h2><span style=\"font-size: 80%;\">Dise\u00f1o de Jardines exclusivos<\/span><\/h2>\n<p style=\"text-align: justify;\">Jardines bellos y funcionales: est\u00e9ticamente agradables, pr\u00e1cticos para vivir, integrados con la casa y eficientes en el uso de recursos.<\/p>\n\n\t\t<\/div>\n\t<\/div>\n\t\n\t\n\n\t\t<\/div>\n\t\t\t\t\t<\/div>\n\n\t\n\n\t<div id=\"col-1638512298\" class=\"col medium-3 small-6 large-3\"  >\n\t\t\t\t<div class=\"col-inner\"  >\n\t\t\t\n\t\t\t\n\n\n\t\t<div class=\"icon-box featured-box icon-box-top text-left\"  >\n\t\t\t\t<div class=\"icon-box-text last-reset\">\n\t\t\t\t\t\t\t\t\t\n\n<h2><span style=\"font-size: 80%;\">Gesti\u00f3n Profesional de Campos de Golf<\/span><\/h2>\n<p style=\"text-align: justify;\">Competencia en Destinos de Golf: C\u00f3mo las Normativas y el Auge de Campos Comerciales Impactan la Calidad y Precios en el Sector.<\/p>\n\n\t\t<\/div>\n\t<\/div>\n\t\n\t\n\n\t\t<\/div>\n\t\t\t\t\t<\/div>\n\n\t\n\n\t<div id=\"col-1397848227\" class=\"col medium-3 small-6 large-3\"  >\n\t\t\t\t<div class=\"col-inner\"  >\n\t\t\t\n\t\t\t\n\n\n\t\t<div class=\"icon-box featured-box icon-box-top text-left\"  >\n\t\t\t\t<div class=\"icon-box-text last-reset\">\n\t\t\t\t\t\t\t\t\t\n\n<h2><span style=\"font-size: 80%;\">Servicios Integrales de Jardiner\u00eda<\/span><\/h2>\n<p>Visitas Programadas para Control y Diagn\u00f3stico de Propiedades: Informes Semanales con Detalles, Resoluci\u00f3n de Incidencias y Propuestas de Mejoras.<\/p>\n\n\t\t<\/div>\n\t<\/div>\n\t\n\t\n\n\t\t<\/div>\n\t\t\t\t\t<\/div>\n\n\t\n\n\t<div id=\"col-1527458360\" class=\"col medium-3 small-6 large-3\"  >\n\t\t\t\t<div class=\"col-inner\"  >\n\t\t\t\n\t\t\t\n\n\n\t\t<div class=\"icon-box featured-box icon-box-top text-left\"  >\n\t\t\t\t<div class=\"icon-box-text last-reset\">\n\t\t\t\t\t\t\t\t\t\n\n<h2><span style=\"font-size: 80%;\">Mantenimiento y Servicios de Piscinas<\/span><\/h2>\n<p>Servicio de mantenimiento de piscinas: limpieza, equilibrio qu\u00edmico y revisi\u00f3n de sistemas para garantizar aguas cristalinas y seguras.<\/p>\n\n\t\t<\/div>\n\t<\/div>\n\t\n\t\n\n\t\t<\/div>\n\t\t\t\t\t<\/div>\n\n\t\n\n<\/div>\n\n\t\t<\/div>\n\n\t\t\n<style>\n#section_1287760824 {\n  padding-top: 30px;\n  padding-bottom: 30px;\n}\n<\/style>\n\t<\/section>\n\t\n\n\t<section class=\"section\" id=\"section_1481700898\">\n\t\t<div class=\"section-bg fill\" >\n\t\t\t\t\t\t\t\t\t<div class=\"section-bg-overlay absolute fill\"><\/div>\n\t\t\t\n\t<div class=\"is-border\"\n\t\tstyle=\"border-width:1px 0px 1px 0px;\">\n\t<\/div>\n\n\t\t<\/div>\n\n\t\t\n\n\t\t<div class=\"section-content relative\">\n\t\t\t\n\n<div class=\"row row-large align-middle\"  id=\"row-1742366722\">\n\n\n\t<div id=\"col-309768233\" class=\"col medium-6 small-12 large-6\"  >\n\t\t\t\t<div class=\"col-inner\"  >\n\t\t\t\n\t\t\t\n\n\t<div class=\"img has-hover x md-x lg-x y md-y lg-y\" id=\"image_2011625571\">\n\t\t\t\t\t\t<div data-animate=\"fadeInLeft\">\t\t<div class=\"img-inner dark\" >\n\t\t\t<img loading=\"lazy\" decoding=\"async\" width=\"1280\" height=\"960\" src=\"https:\/\/marbellagreens.com\/wp-content\/uploads\/2023\/08\/pond-6165607_1280.jpg\" class=\"attachment-original size-original\" alt=\"\" srcset=\"https:\/\/marbellagreens.com\/wp-content\/uploads\/2023\/08\/pond-6165607_1280.jpg 1280w, https:\/\/marbellagreens.com\/wp-content\/uploads\/2023\/08\/pond-6165607_1280-500x375.jpg 500w, https:\/\/marbellagreens.com\/wp-content\/uploads\/2023\/08\/pond-6165607_1280-600x450.jpg 600w, https:\/\/marbellagreens.com\/wp-content\/uploads\/2023\/08\/pond-6165607_1280-300x225.jpg 300w, https:\/\/marbellagreens.com\/wp-content\/uploads\/2023\/08\/pond-6165607_1280-1024x768.jpg 1024w, https:\/\/marbellagreens.com\/wp-content\/uploads\/2023\/08\/pond-6165607_1280-768x576.jpg 768w\" sizes=\"auto, (max-width: 1280px) 100vw, 1280px\" \/>\t\t\t\t\t\t\n\t\t\t\t\t<\/div>\n\t\t<\/div>\t\t\t\t\t\t\n<style>\n#image_2011625571 {\n  width: 100%;\n}\n<\/style>\n\t<\/div>\n\t\n\n\t<div class=\"img has-hover x md-x lg-x y md-y lg-y\" id=\"image_2104218582\">\n\t\t\t\t\t\t\t\t<div class=\"img-inner box-shadow-2 dark\" >\n\t\t\t\t\t\t\t\t\t\n\t\t\t\t\t<\/div>\n\t\t\t\t\t\t\t\t\n<style>\n#image_2104218582 {\n  width: 100%;\n}\n<\/style>\n\t<\/div>\n\t\n\n\n\t\t<\/div>\n\t\t\t\t\t<\/div>\n\n\t\n\n\t<div id=\"col-581350217\" class=\"col medium-6 small-12 large-6\"  data-animate=\"fadeInRight\">\n\t\t\t\t<div class=\"col-inner text-left\"  >\n\t\t\t\n\t\t\t\n\n<h2><span class=\"diyfeDecoration\">DIAGN\u00d3STICO, MANTENIMIENTO y SEGUIMIENTO DE JARDINES EXCLUSIVOS COMUNITARIOS<\/span><\/h2>\n<p>Servicio Integral para Jardines exclusivos Comunitarios: Diagn\u00f3stico, Mantenimiento y Seguimiento para Comunidades de Propietarios. Expertos en cuidado y renovaci\u00f3n de espacios verdes en comunidades. Atendemos cada detalle para que su jard\u00edn comunitario florezca y prospere.<\/p>\n<a class=\"button secondary is-outline\"  >\n\t\t<span>SOLICITAR PRESUPUESTO<\/span>\n\t<\/a>\n\n\n\n\t\t<\/div>\n\t\t\t\t\t<\/div>\n\n\t\n\n<\/div>\n\n\t\t<\/div>\n\n\t\t\n<style>\n#section_1481700898 {\n  padding-top: 60px;\n  padding-bottom: 60px;\n  background-color: rgb(193, 193, 193);\n}\n#section_1481700898 .section-bg-overlay {\n  background-color: rgba(255, 255, 255, 0.85);\n}\n<\/style>\n\t<\/section>\n\t\n<div class=\"message-box relative\" style=\"padding-top:36px;padding-bottom:36px;\"><div class=\"message-box-bg-image bg-fill fill\" ><\/div><div class=\"message-box-bg-overlay bg-fill fill\" style=\"background-color:rgb(229, 229, 229);\"><\/div><div class=\"container relative\"><div class=\"inner last-reset\">\n\n<h4 class=\"uppercase\">\u00a1HAZ QUE TU JARD\u00cdN RESPLANDEZCA CON NUESTRO EXCLUSIVO SERVICIO DE PAISAJISMO Y MANTENIMIENTO!<\/h4>\n<p>Descubre nuestras exclusivas soluciones y servicios orientados a paisajismo y jardiner\u00eda para embellecer tu espacio exterior. Nuestro equipo de expertos en jardines est\u00e1 listo para brindarte una consulta personalizada y hacer realidad tus sue\u00f1os de un entorno verde, pr\u00edstino y vibrante. Conoce nuestros jardines exclusivos.<\/p>\n\n\n<\/div><\/div><\/div>\n\n\n\n<p class=\"has-white-color has-text-color has-link-color wp-elements-9ec4437bb12cfa302e0eca084e0b2d31\"><a href=\"https:\/\/marbellagreens.com\/es\/contactar\/\">Contacto<\/a><\/p>\n","protected":false},"excerpt":{"rendered":"<p>Contacto<\/p>\n","protected":false},"author":1,"featured_media":0,"parent":0,"menu_order":0,"comment_status":"closed","ping_status":"closed","template":"page-transparent-header-light.php","meta":{"footnotes":""},"class_list":["post-10","page","type-page","status-publish","hentry"],"_links":{"self":[{"href":"https:\/\/marbellagreens.com\/es\/wp-json\/wp\/v2\/pages\/10","targetHints":{"allow":["GET"]}}],"collection":[{"href":"https:\/\/marbellagreens.com\/es\/wp-json\/wp\/v2\/pages"}],"about":[{"href":"https:\/\/marbellagreens.com\/es\/wp-json\/wp\/v2\/types\/page"}],"author":[{"embeddable":true,"href":"https:\/\/marbellagreens.com\/es\/wp-json\/wp\/v2\/users\/1"}],"replies":[{"embeddable":true,"href":"https:\/\/marbellagreens.com\/es\/wp-json\/wp\/v2\/comments?post=10"}],"version-history":[{"count":197,"href":"https:\/\/marbellagreens.com\/es\/wp-json\/wp\/v2\/pages\/10\/revisions"}],"predecessor-version":[{"id":2182,"href":"https:\/\/marbellagreens.com\/es\/wp-json\/wp\/v2\/pages\/10\/revisions\/2182"}],"wp:attachment":[{"href":"https:\/\/marbellagreens.com\/es\/wp-json\/wp\/v2\/media?parent=10"}],"curies":[{"name":"wp","href":"https:\/\/api.w.org\/{rel}","templated":true}]}}